{"id":3338,"date":"2025-05-01T00:00:24","date_gmt":"2025-04-30T22:00:24","guid":{"rendered":"https:\/\/www.stollmartin.ch\/?page_id=3338"},"modified":"2025-10-06T20:24:47","modified_gmt":"2025-10-06T18:24:47","slug":"stollmartin-ch-fotograf-bern-boudoir","status":"publish","type":"page","link":"https:\/\/www.stollmartin.ch\/en\/stollmartin-ch-fotograf-bern-boudoir\/","title":{"rendered":"Boudoir"},"content":{"rendered":"\n<div class=\"wp-block-uagb-container uagb-block-94a5ffff alignfull uagb-is-root-container\"><div class=\"uagb-container-inner-blocks-wrap\">\n<div class=\"wp-block-uagb-advanced-heading uagb-block-c179b55d\"><h2 class=\"uagb-heading-text\">Boudoir Fotografie &#8211; Sinnlichkeit in Bildern<\/h2><\/div>\n\n\n\n<div class=\"wp-block-uagb-advanced-heading uagb-block-3418f601\"><h4 class=\"uagb-heading-text\">Boudoir-Fotografie ist eine Hommage an deine Weiblichkeit und Selbstliebe. In einer vertrauensvollen Atmosph\u00e4re entstehen \u00e4sthetische und stilvolle Aufnahmen, die deine Sch\u00f6nheit und Individualit\u00e4t zelebrieren. Ob als Geschenk f\u00fcr dich selbst oder einen besonderen Menschen \u2013 diese Bilder sind Ausdruck deiner Einzigartigkeit.<\/h4><\/div>\n<\/div><\/div>\n\n\n\n<div class=\"wp-block-uagb-container uagb-block-46dc085c alignfull uagb-is-root-container\"><div class=\"uagb-container-inner-blocks-wrap\">\n<div class=\"wp-block-uagb-container uagb-block-4178eeea\"><div  id=\"jtg-3337\" class=\"modula modula-gallery modula-columns\" data-config=\"{&quot;tabletHeight&quot;:800,&quot;mobileHeight&quot;:800,&quot;desktopHeight&quot;:800,&quot;enableTwitter&quot;:false,&quot;enableWhatsapp&quot;:false,&quot;enableFacebook&quot;:false,&quot;enablePinterest&quot;:false,&quot;enableLinkedin&quot;:false,&quot;enableEmail&quot;:false,&quot;randomFactor&quot;:0,&quot;type&quot;:&quot;grid&quot;,&quot;columns&quot;:12,&quot;gutter&quot;:10,&quot;mobileGutter&quot;:10,&quot;tabletGutter&quot;:10,&quot;desktopGutter&quot;:10,&quot;enableResponsive&quot;:&quot;0&quot;,&quot;tabletColumns&quot;:2,&quot;mobileColumns&quot;:1,&quot;lazyLoad&quot;:0,&quot;lightboxOpts&quot;:{&quot;animated&quot;:true,&quot;Thumbs&quot;:{&quot;type&quot;:&quot;modern&quot;,&quot;showOnStart&quot;:false},&quot;Toolbar&quot;:{&quot;display&quot;:{&quot;right&quot;:[&quot;close&quot;]},&quot;enabled&quot;:true},&quot;Carousel&quot;:{&quot;Panzoom&quot;:{&quot;touch&quot;:true},&quot;infinite&quot;:false},&quot;keyboard&quot;:{&quot;Escape&quot;:&quot;close&quot;,&quot;Delete&quot;:&quot;close&quot;,&quot;Backspace&quot;:&quot;close&quot;,&quot;PageUp&quot;:false,&quot;PageDown&quot;:false,&quot;ArrowUp&quot;:false,&quot;ArrowDown&quot;:false,&quot;ArrowRight&quot;:false,&quot;ArrowLeft&quot;:false},&quot;touch&quot;:false,&quot;backdropClick&quot;:false,&quot;l10n&quot;:{&quot;CLOSE&quot;:&quot;Close&quot;,&quot;NEXT&quot;:&quot;Next&quot;,&quot;PREV&quot;:&quot;Previous&quot;,&quot;Error&quot;:&quot;The requested content cannot be loaded. Please try again later.&quot;,&quot;PLAY_START&quot;:&quot;Start slideshow&quot;,&quot;PLAY_STOP&quot;:&quot;Pause slideshow&quot;,&quot;FULL_SCREEN&quot;:&quot;Full screen&quot;,&quot;THUMBS&quot;:&quot;Thumbnails&quot;,&quot;DOWNLOAD&quot;:&quot;Download&quot;,&quot;SHARE&quot;:&quot;Share&quot;,&quot;ZOOM&quot;:&quot;Zoom&quot;,&quot;EMAIL&quot;:&quot;Here is the link to the image : %%image_link%% and this is the link to the gallery : %%gallery_link%%&quot;,&quot;MODAL&quot;:&quot;You can close this modal content with the ESC key&quot;,&quot;ERROR&quot;:&quot;Something Went Wrong, Please Try Again Later&quot;,&quot;IMAGE_ERROR&quot;:&quot;Image Not Found&quot;,&quot;ELEMENT_NOT_FOUND&quot;:&quot;HTML Element Not Found&quot;,&quot;AJAX_NOT_FOUND&quot;:&quot;Error Loading AJAX : Not Found&quot;,&quot;AJAX_FORBIDDEN&quot;:&quot;Error Loading AJAX : Forbidden&quot;,&quot;IFRAME_ERROR&quot;:&quot;Error Loading Page&quot;,&quot;TOGGLE_ZOOM&quot;:&quot;Toggle zoom level&quot;,&quot;TOGGLE_THUMBS&quot;:&quot;Toggle thumbnails&quot;,&quot;TOGGLE_SLIDESHOW&quot;:&quot;Toggle slideshow&quot;,&quot;TOGGLE_FULLSCREEN&quot;:&quot;Toggle full-screen mode&quot;},&quot;Images&quot;:{&quot;Panzoom&quot;:{&quot;maxScale&quot;:2}},&quot;mainClass&quot;:&quot;modula-fancybox-container modula-lightbox-jtg-3337&quot;,&quot;Html&quot;:{&quot;videoAutoplay&quot;:0,&quot;videoTpl&quot;:&quot;&lt;video class=\\&quot;fancybox__html5video\\&quot; controls muted playsinline controlsList controlsList=\\&quot;nodownload\\&quot; poster=\\&quot;{{poster}}\\&quot; src=\\&quot;{{src}}\\&quot; type=\\&quot;{{format}}\\&quot; &gt;  Sorry, your browser doesn&#039;t support embedded videos, &lt;a href=\\&quot;{{src}}\\&quot;&gt; download &lt;\\\/a&gt; and watch with your favorite video player! &lt;\\\/video&gt;&quot;}},&quot;inView&quot;:false,&quot;email_subject&quot;:&quot;Check out this awesome image !!&quot;,&quot;email_message&quot;:&quot;Here is the link to the image : %%image_link%% and this is the link to the gallery : %%gallery_link%%&quot;,&quot;grid_type&quot;:&quot;5&quot;,&quot;rowHeight&quot;:250,&quot;lastRow&quot;:&quot;justify&quot;,&quot;lightbox&quot;:&quot;fancybox&quot;}\">\n\n\t<div class=\"modula-grid-sizer\"> <\/div>\n\t<div  class=\"modula-items grid-gallery\">\n\t\t<div class=\"modula-item effect-pufrobo\" >\n\t<div class=\"modula-item-overlay\"><\/div>\n\n\t<div class=\"modula-item-content\">\n\n\t\t<a data-image-id=\"3336\" role=\"button\" tabindex=\"0\" rel=\"jtg-3337\" data-caption=\"\" aria-label=\"Open image in lightbox\" class=\"tile-inner modula-item-link\"><\/a><img loading=\"lazy\" decoding=\"async\" class=\"pic wp-image-3336\"  data-valign=\"middle\" data-halign=\"center\" alt=\"\" data-full=\"https:\/\/www.stollmartin.ch\/wp-content\/uploads\/2025\/04\/DSC_1487.jpg\" title=\"DSC_1487\" crop=\"\" width=\"200\" height=\"300\" src=\"https:\/\/www.stollmartin.ch\/wp-content\/uploads\/2025\/04\/DSC_1487-200x300.jpg\" data-src=\"https:\/\/www.stollmartin.ch\/wp-content\/uploads\/2025\/04\/DSC_1487-200x300.jpg\" data-caption=\"\" srcset=\"https:\/\/www.stollmartin.ch\/wp-content\/uploads\/2025\/04\/DSC_1487.jpg 799w, https:\/\/www.stollmartin.ch\/wp-content\/uploads\/2025\/04\/DSC_1487-200x300.jpg 200w, https:\/\/www.stollmartin.ch\/wp-content\/uploads\/2025\/04\/DSC_1487-682x1024.jpg 682w, https:\/\/www.stollmartin.ch\/wp-content\/uploads\/2025\/04\/DSC_1487-768x1153.jpg 768w, https:\/\/www.stollmartin.ch\/wp-content\/uploads\/2025\/04\/DSC_1487-8x12.jpg 8w\" sizes=\"auto, (max-width: 200px) 100vw, 200px\" \/>\n\t\t<div class=\"figc no-description\">\n\t\t\t<div class=\"figc-inner\">\n\t\t\t\t\t\t\t\t\t\t\t\t\t\t\t<\/div>\n\t\t<\/div>\n\n\t<\/div>\n\n<\/div><div class=\"modula-item effect-pufrobo\" >\n\t<div class=\"modula-item-overlay\"><\/div>\n\n\t<div class=\"modula-item-content\">\n\n\t\t<a data-image-id=\"3335\" role=\"button\" tabindex=\"0\" rel=\"jtg-3337\" data-caption=\"\" aria-label=\"Open image in lightbox\" class=\"tile-inner modula-item-link\"><\/a><img loading=\"lazy\" decoding=\"async\" class=\"pic wp-image-3335\"  data-valign=\"middle\" data-halign=\"center\" alt=\"\" data-full=\"https:\/\/www.stollmartin.ch\/wp-content\/uploads\/2025\/04\/DSC_1452.jpg\" title=\"DSC_1452\" crop=\"\" width=\"200\" height=\"300\" src=\"https:\/\/www.stollmartin.ch\/wp-content\/uploads\/2025\/04\/DSC_1452-200x300.jpg\" data-src=\"https:\/\/www.stollmartin.ch\/wp-content\/uploads\/2025\/04\/DSC_1452-200x300.jpg\" data-caption=\"\" srcset=\"https:\/\/www.stollmartin.ch\/wp-content\/uploads\/2025\/04\/DSC_1452.jpg 799w, https:\/\/www.stollmartin.ch\/wp-content\/uploads\/2025\/04\/DSC_1452-200x300.jpg 200w, https:\/\/www.stollmartin.ch\/wp-content\/uploads\/2025\/04\/DSC_1452-682x1024.jpg 682w, https:\/\/www.stollmartin.ch\/wp-content\/uploads\/2025\/04\/DSC_1452-768x1153.jpg 768w, https:\/\/www.stollmartin.ch\/wp-content\/uploads\/2025\/04\/DSC_1452-8x12.jpg 8w\" sizes=\"auto, (max-width: 200px) 100vw, 200px\" \/>\n\t\t<div class=\"figc no-description\">\n\t\t\t<div class=\"figc-inner\">\n\t\t\t\t\t\t\t\t\t\t\t\t\t\t\t<\/div>\n\t\t<\/div>\n\n\t<\/div>\n\n<\/div><div class=\"modula-item effect-pufrobo\" >\n\t<div class=\"modula-item-overlay\"><\/div>\n\n\t<div class=\"modula-item-content\">\n\n\t\t<a data-image-id=\"3334\" role=\"button\" tabindex=\"0\" rel=\"jtg-3337\" data-caption=\"\" aria-label=\"Open image in lightbox\" class=\"tile-inner modula-item-link\"><\/a><img loading=\"lazy\" decoding=\"async\" class=\"pic wp-image-3334\"  data-valign=\"middle\" data-halign=\"center\" alt=\"\" data-full=\"https:\/\/www.stollmartin.ch\/wp-content\/uploads\/2025\/04\/DSC_1279.jpg\" title=\"DSC_1279\" crop=\"\" width=\"300\" height=\"200\" src=\"https:\/\/www.stollmartin.ch\/wp-content\/uploads\/2025\/04\/DSC_1279-300x200.jpg\" data-src=\"https:\/\/www.stollmartin.ch\/wp-content\/uploads\/2025\/04\/DSC_1279-300x200.jpg\" data-caption=\"\" srcset=\"https:\/\/www.stollmartin.ch\/wp-content\/uploads\/2025\/04\/DSC_1279.jpg 1200w, https:\/\/www.stollmartin.ch\/wp-content\/uploads\/2025\/04\/DSC_1279-300x200.jpg 300w, https:\/\/www.stollmartin.ch\/wp-content\/uploads\/2025\/04\/DSC_1279-1024x683.jpg 1024w, https:\/\/www.stollmartin.ch\/wp-content\/uploads\/2025\/04\/DSC_1279-768x512.jpg 768w, https:\/\/www.stollmartin.ch\/wp-content\/uploads\/2025\/04\/DSC_1279-18x12.jpg 18w\" sizes=\"auto, (max-width: 300px) 100vw, 300px\" \/>\n\t\t<div class=\"figc no-description\">\n\t\t\t<div class=\"figc-inner\">\n\t\t\t\t\t\t\t\t\t\t\t\t\t\t\t<\/div>\n\t\t<\/div>\n\n\t<\/div>\n\n<\/div>\t\t\n\t<\/div>\n\n\t\n\t\n\t<script type=\"application\/ld+json\">\n\t{\n\t\t\"@context\": \"http:\/\/schema.org\",\n\t\t\"@type\"   : \"ImageGallery\",\n\t\t\"id\"      : \"https:\/\/www.stollmartin.ch\/en\/stollmartin-ch-fotograf-bern-boudoir\/\",\n\t\t\"url\"     : \"https:\/\/www.stollmartin.ch\/en\/stollmartin-ch-fotograf-bern-boudoir\/\"\n\t}\n\n\t<\/script>\n\n\t\n<\/div>\n\n<\/div>\n<\/div><\/div>\n\n\n\n<div class=\"wp-block-uagb-container uagb-block-74a07ebd alignfull uagb-is-root-container\"><div class=\"uagb-container-inner-blocks-wrap\">\n<div class=\"wp-block-uagb-advanced-heading uagb-block-641de71d\"><h4 class=\"uagb-heading-text\">Mein Angebot<\/h4><\/div>\n\n\n\n<div class=\"wp-block-uagb-restaurant-menu uagb-block-f08764d1 uagb-rm__desk-column-2 uagb-rm__tablet-column-2 uagb-rm__mobile-column-1\">\n<div class=\"wp-block-uagb-restaurant-menu-child uagb-rest_menu__wrap\"><div class=\"uagb-rm__content\"><div class=\"uagb-rm-details\"><h4 class=\"uagb-rm__title\">Selbstliebe<\/h4><div class=\"uagb-rm__desc\">Ideal f\u00fcr Kundinnen, die erste Erfahrungen mit Boudoir-Fotografie sammeln m\u00f6chten.<br>&#8211; 1-st\u00fcndiges Shooting<br>&#8211; 5 professionell bearbeitete, hochaufl\u00f6sende Bilder<br>&#8211; Online-Galerie zur Auswahl der Lieblingsbilder<br>&#8211; 1 Outfitwechsel<br>&#8211; Zus\u00e4tzliches Bild: CHF 25.\u2013<\/div><\/div><span class=\"uagb-rm__price\">CHF 399<\/span><\/div><div class=\"uagb-rm__separator\"><\/div><\/div>\n\n\n\n<div class=\"wp-block-uagb-restaurant-menu-child uagb-rest_menu__wrap\"><div class=\"uagb-rm__content\"><div class=\"uagb-rm-details\"><h4 class=\"uagb-rm__title\">Verwandlung<\/h4><div class=\"uagb-rm__desc\">F\u00fcr Kundinnen, die sich ein umfassenderes Erlebnis w\u00fcnschen.<br>&#8211; 2-st\u00fcndiges Shooting mit individueller Beratung<br>&#8211; 10 professionell bearbeitete, hochaufl\u00f6sende Bilder<br>&#8211; Online-Galerie zur Auswahl der Lieblingsbilder<br>&#8211; 2 Outfitwechsel<br>&#8211; Zus\u00e4tzliches Bild: CHF 20.\u2013<\/div><\/div><span class=\"uagb-rm__price\">CHF 599<\/span><\/div><div class=\"uagb-rm__separator\"><\/div><\/div>\n\n\n\n<div class=\"wp-block-uagb-restaurant-menu-child uagb-rest_menu__wrap\"><div class=\"uagb-rm__content\"><div class=\"uagb-rm-details\"><h4 class=\"uagb-rm__title\">G\u00f6ttin<\/h4><div class=\"uagb-rm__desc\">Das ultimative Luxus-Erlebnis f\u00fcr Kundinnen, die sich etwas Besonderes g\u00f6nnen m\u00f6chten.<br>&#8211; 3-st\u00fcndiges Shooting mit individueller Beratung<br>&#8211; 20 professionell bearbeitete, hochaufl\u00f6sende Bilder<br>&#8211; Online-Galerie zur Auswahl der Lieblingsbilder<br>&#8211; 3 Outfitwechsel<br>&#8211; Zus\u00e4tzliches Bild: CHF 20.\u2013<\/div><\/div><span class=\"uagb-rm__price\">CHF 799<\/span><\/div><div class=\"uagb-rm__separator\"><\/div><\/div>\n<\/div>\n<\/div><\/div>\n\n\n\n<div class=\"wp-block-uagb-container uagb-block-b0a06cfc alignfull uagb-is-root-container\"><div class=\"uagb-container-inner-blocks-wrap\">\n<div class=\"wp-block-uagb-advanced-heading uagb-block-443f5110\"><h4 class=\"uagb-heading-text\">Das Shooting findet im Freien, am Standort des Kunden oder im Studio statt.<\/h4><\/div>\n\n\n\n<div class=\"wp-block-uagb-advanced-heading uagb-block-c55da24f\"><h5 class=\"uagb-heading-text\">Wird ein Miet-Studio ben\u00f6tigt, so muss dies zus\u00e4tzlich reserviert und berechnet werden.<\/h5><\/div>\n\n\n\n<div class=\"wp-block-uagb-buttons uagb-buttons__outer-wrap uagb-btn__default-btn uagb-btn-tablet__default-btn uagb-btn-mobile__default-btn uagb-block-ae83778e\"><div class=\"uagb-buttons__wrap uagb-buttons-layout-wrap \">\n<div class=\"wp-block-uagb-buttons-child uagb-buttons__outer-wrap uagb-block-df74df8c wp-block-button\"><div class=\"uagb-button__wrapper\"><a class=\"uagb-buttons-repeater wp-block-button__link\" aria-label=\"\" href=\"https:\/\/www.stollmartin.ch\/BoudoirBuchung\/\" rel=\"follow noopener\" target=\"_self\" role=\"button\"><div class=\"uagb-button__link\">Sende mir deine Buchungsanfrage<\/div><\/a><\/div><\/div>\n<\/div><\/div>\n<\/div><\/div>\n","protected":false},"excerpt":{"rendered":"<p>Boudoir Fotografie &#8211; Sinnlichkeit in Bildern Boudoir-Fotografie ist eine Hommage an deine Weiblichkeit und Selbstliebe. In einer vertrauensvollen Atmosph\u00e4re entstehen \u00e4sthetische und stilvolle Aufnahmen, die deine Sch\u00f6nheit und Individualit\u00e4t zelebrieren. Ob als Geschenk f\u00fcr dich selbst oder einen besonderen Menschen \u2013 diese Bilder sind Ausdruck deiner Einzigartigkeit. Mein Angebot Das Shooting findet im Freien, am [&hellip;]<\/p>\n","protected":false},"author":1,"featured_media":0,"parent":0,"menu_order":1,"comment_status":"closed","ping_status":"closed","template":"","meta":{"_uag_custom_page_level_css":"","site-sidebar-layout":"no-sidebar","site-content-layout":"page-builder","ast-site-content-layout":"full-width-container","site-content-style":"unboxed","site-sidebar-style":"unboxed","ast-global-header-display":"","ast-banner-title-visibility":"","ast-main-header-display":"","ast-hfb-above-header-display":"","ast-hfb-below-header-display":"","ast-hfb-mobile-header-display":"","site-post-title":"disabled","ast-breadcrumbs-content":"","ast-featured-img":"disabled","footer-sml-layout":"","ast-disable-related-posts":"","theme-transparent-header-meta":"enabled","adv-header-id-meta":"","stick-header-meta":"","header-above-stick-meta":"","header-main-stick-meta":"","header-below-stick-meta":"","astra-migrate-meta-layouts":"set","ast-page-background-enabled":"default","ast-page-background-meta":{"desktop":{"background-color":"","background-image":"","background-repeat":"repeat","background-position":"center center","background-size":"auto","background-attachment":"scroll","background-type":"","background-media":"","overlay-type":"","overlay-color":"","overlay-opacity":"","overlay-gradient":""},"tablet":{"background-color":"","background-image":"","background-repeat":"repeat","background-position":"center center","background-size":"auto","background-attachment":"scroll","background-type":"","background-media":"","overlay-type":"","overlay-color":"","overlay-opacity":"","overlay-gradient":""},"mobile":{"background-color":"","background-image":"","background-repeat":"repeat","background-position":"center center","background-size":"auto","background-attachment":"scroll","background-type":"","background-media":"","overlay-type":"","overlay-color":"","overlay-opacity":"","overlay-gradient":""}},"ast-content-background-meta":{"desktop":{"background-color":"var(--ast-global-color-5)","background-image":"","background-repeat":"repeat","background-position":"center center","background-size":"auto","background-attachment":"scroll","background-type":"","background-media":"","overlay-type":"","overlay-color":"","overlay-opacity":"","overlay-gradient":""},"tablet":{"background-color":"var(--ast-global-color-5)","background-image":"","background-repeat":"repeat","background-position":"center center","background-size":"auto","background-attachment":"scroll","background-type":"","background-media":"","overlay-type":"","overlay-color":"","overlay-opacity":"","overlay-gradient":""},"mobile":{"background-color":"var(--ast-global-color-5)","background-image":"","background-repeat":"repeat","background-position":"center center","background-size":"auto","background-attachment":"scroll","background-type":"","background-media":"","overlay-type":"","overlay-color":"","overlay-opacity":"","overlay-gradient":""}},"footnotes":""},"class_list":["post-3338","page","type-page","status-publish","hentry"],"yoast_head":"<!-- This site is optimized with the Yoast SEO plugin v27.4 - https:\/\/yoast.com\/product\/yoast-seo-wordpress\/ -->\n<title>Boudoir - stollmartin.ch<\/title>\n<meta name=\"description\" content=\"stollmartin.ch Fotograf aus Busswil Bern Schweiz f\u00fcr Portraits\/Fashion, Boudoir, Tanz und mehr mit zwei Jahrzenten Erfahrung\" \/>\n<meta name=\"robots\" content=\"index, follow, max-snippet:-1, max-image-preview:large, max-video-preview:-1\" \/>\n<link rel=\"canonical\" href=\"https:\/\/www.stollmartin.ch\/en\/stollmartin-ch-fotograf-bern-boudoir\/\" \/>\n<meta property=\"og:locale\" content=\"en_US\" \/>\n<meta property=\"og:type\" content=\"article\" \/>\n<meta property=\"og:title\" content=\"Boudoir - stollmartin.ch\" \/>\n<meta property=\"og:description\" content=\"stollmartin.ch Fotograf aus Busswil Bern Schweiz f\u00fcr Portraits\/Fashion, Boudoir, Tanz und mehr mit zwei Jahrzenten Erfahrung\" \/>\n<meta property=\"og:url\" content=\"https:\/\/www.stollmartin.ch\/en\/stollmartin-ch-fotograf-bern-boudoir\/\" \/>\n<meta property=\"og:site_name\" content=\"stollmartin.ch\" \/>\n<meta property=\"article:modified_time\" content=\"2025-10-06T18:24:47+00:00\" \/>\n<meta name=\"twitter:card\" content=\"summary_large_image\" \/>\n<meta name=\"twitter:label1\" content=\"Est. reading time\" \/>\n\t<meta name=\"twitter:data1\" content=\"2 minutes\" \/>\n<script type=\"application\/ld+json\" class=\"yoast-schema-graph\">{\"@context\":\"https:\\\/\\\/schema.org\",\"@graph\":[{\"@type\":\"WebPage\",\"@id\":\"https:\\\/\\\/www.stollmartin.ch\\\/stollmartin-ch-fotograf-bern-boudoir\\\/\",\"url\":\"https:\\\/\\\/www.stollmartin.ch\\\/stollmartin-ch-fotograf-bern-boudoir\\\/\",\"name\":\"Boudoir - stollmartin.ch\",\"isPartOf\":{\"@id\":\"https:\\\/\\\/www.stollmartin.ch\\\/#website\"},\"datePublished\":\"2025-04-30T22:00:24+00:00\",\"dateModified\":\"2025-10-06T18:24:47+00:00\",\"description\":\"stollmartin.ch Fotograf aus Busswil Bern Schweiz f\u00fcr Portraits\\\/Fashion, Boudoir, Tanz und mehr mit zwei Jahrzenten Erfahrung\",\"breadcrumb\":{\"@id\":\"https:\\\/\\\/www.stollmartin.ch\\\/stollmartin-ch-fotograf-bern-boudoir\\\/#breadcrumb\"},\"inLanguage\":\"en-US\",\"potentialAction\":[{\"@type\":\"ReadAction\",\"target\":[\"https:\\\/\\\/www.stollmartin.ch\\\/stollmartin-ch-fotograf-bern-boudoir\\\/\"]}]},{\"@type\":\"BreadcrumbList\",\"@id\":\"https:\\\/\\\/www.stollmartin.ch\\\/stollmartin-ch-fotograf-bern-boudoir\\\/#breadcrumb\",\"itemListElement\":[{\"@type\":\"ListItem\",\"position\":1,\"name\":\"Startseite\",\"item\":\"https:\\\/\\\/www.stollmartin.ch\\\/\"},{\"@type\":\"ListItem\",\"position\":2,\"name\":\"Boudoir\"}]},{\"@type\":\"WebSite\",\"@id\":\"https:\\\/\\\/www.stollmartin.ch\\\/#website\",\"url\":\"https:\\\/\\\/www.stollmartin.ch\\\/\",\"name\":\"stollmartin.ch Portrait, Fashion und Tanz Fotograf\",\"description\":\"Portrait, Fashion und Tanz Fotograf\",\"publisher\":{\"@id\":\"https:\\\/\\\/www.stollmartin.ch\\\/#\\\/schema\\\/person\\\/e0ad93a3b74063ec14c36b5cfc4b7c84\"},\"alternateName\":\"stollmartin.ch\",\"potentialAction\":[{\"@type\":\"SearchAction\",\"target\":{\"@type\":\"EntryPoint\",\"urlTemplate\":\"https:\\\/\\\/www.stollmartin.ch\\\/?s={search_term_string}\"},\"query-input\":{\"@type\":\"PropertyValueSpecification\",\"valueRequired\":true,\"valueName\":\"search_term_string\"}}],\"inLanguage\":\"en-US\"},{\"@type\":[\"Person\",\"Organization\"],\"@id\":\"https:\\\/\\\/www.stollmartin.ch\\\/#\\\/schema\\\/person\\\/e0ad93a3b74063ec14c36b5cfc4b7c84\",\"name\":\"Stoll Martin\",\"image\":{\"@type\":\"ImageObject\",\"inLanguage\":\"en-US\",\"@id\":\"https:\\\/\\\/www.stollmartin.ch\\\/wp-content\\\/uploads\\\/2023\\\/02\\\/StollMartin-1024x725-1.png\",\"url\":\"https:\\\/\\\/www.stollmartin.ch\\\/wp-content\\\/uploads\\\/2023\\\/02\\\/StollMartin-1024x725-1.png\",\"contentUrl\":\"https:\\\/\\\/www.stollmartin.ch\\\/wp-content\\\/uploads\\\/2023\\\/02\\\/StollMartin-1024x725-1.png\",\"width\":1024,\"height\":725,\"caption\":\"Stoll Martin\"},\"logo\":{\"@id\":\"https:\\\/\\\/www.stollmartin.ch\\\/wp-content\\\/uploads\\\/2023\\\/02\\\/StollMartin-1024x725-1.png\"},\"description\":\"Fotograf und Videograf aus Busswil BE mit 2 Jahrzehnten Erfahrung.\",\"sameAs\":[\"https:\\\/\\\/www.stollmartin.ch\"]}]}<\/script>\n<!-- \/ Yoast SEO plugin. -->","yoast_head_json":{"title":"Boudoir - stollmartin.ch","description":"stollmartin.ch Fotograf aus Busswil Bern Schweiz f\u00fcr Portraits\/Fashion, Boudoir, Tanz und mehr mit zwei Jahrzenten Erfahrung","robots":{"index":"index","follow":"follow","max-snippet":"max-snippet:-1","max-image-preview":"max-image-preview:large","max-video-preview":"max-video-preview:-1"},"canonical":"https:\/\/www.stollmartin.ch\/en\/stollmartin-ch-fotograf-bern-boudoir\/","og_locale":"en_US","og_type":"article","og_title":"Boudoir - stollmartin.ch","og_description":"stollmartin.ch Fotograf aus Busswil Bern Schweiz f\u00fcr Portraits\/Fashion, Boudoir, Tanz und mehr mit zwei Jahrzenten Erfahrung","og_url":"https:\/\/www.stollmartin.ch\/en\/stollmartin-ch-fotograf-bern-boudoir\/","og_site_name":"stollmartin.ch","article_modified_time":"2025-10-06T18:24:47+00:00","twitter_card":"summary_large_image","twitter_misc":{"Est. reading time":"2 minutes"},"schema":{"@context":"https:\/\/schema.org","@graph":[{"@type":"WebPage","@id":"https:\/\/www.stollmartin.ch\/stollmartin-ch-fotograf-bern-boudoir\/","url":"https:\/\/www.stollmartin.ch\/stollmartin-ch-fotograf-bern-boudoir\/","name":"Boudoir - stollmartin.ch","isPartOf":{"@id":"https:\/\/www.stollmartin.ch\/#website"},"datePublished":"2025-04-30T22:00:24+00:00","dateModified":"2025-10-06T18:24:47+00:00","description":"stollmartin.ch Fotograf aus Busswil Bern Schweiz f\u00fcr Portraits\/Fashion, Boudoir, Tanz und mehr mit zwei Jahrzenten Erfahrung","breadcrumb":{"@id":"https:\/\/www.stollmartin.ch\/stollmartin-ch-fotograf-bern-boudoir\/#breadcrumb"},"inLanguage":"en-US","potentialAction":[{"@type":"ReadAction","target":["https:\/\/www.stollmartin.ch\/stollmartin-ch-fotograf-bern-boudoir\/"]}]},{"@type":"BreadcrumbList","@id":"https:\/\/www.stollmartin.ch\/stollmartin-ch-fotograf-bern-boudoir\/#breadcrumb","itemListElement":[{"@type":"ListItem","position":1,"name":"Startseite","item":"https:\/\/www.stollmartin.ch\/"},{"@type":"ListItem","position":2,"name":"Boudoir"}]},{"@type":"WebSite","@id":"https:\/\/www.stollmartin.ch\/#website","url":"https:\/\/www.stollmartin.ch\/","name":"stollmartin.ch Portrait, Fashion und Tanz Fotograf","description":"Portrait, Fashion und Tanz Fotograf","publisher":{"@id":"https:\/\/www.stollmartin.ch\/#\/schema\/person\/e0ad93a3b74063ec14c36b5cfc4b7c84"},"alternateName":"stollmartin.ch","potentialAction":[{"@type":"SearchAction","target":{"@type":"EntryPoint","urlTemplate":"https:\/\/www.stollmartin.ch\/?s={search_term_string}"},"query-input":{"@type":"PropertyValueSpecification","valueRequired":true,"valueName":"search_term_string"}}],"inLanguage":"en-US"},{"@type":["Person","Organization"],"@id":"https:\/\/www.stollmartin.ch\/#\/schema\/person\/e0ad93a3b74063ec14c36b5cfc4b7c84","name":"Stoll Martin","image":{"@type":"ImageObject","inLanguage":"en-US","@id":"https:\/\/www.stollmartin.ch\/wp-content\/uploads\/2023\/02\/StollMartin-1024x725-1.png","url":"https:\/\/www.stollmartin.ch\/wp-content\/uploads\/2023\/02\/StollMartin-1024x725-1.png","contentUrl":"https:\/\/www.stollmartin.ch\/wp-content\/uploads\/2023\/02\/StollMartin-1024x725-1.png","width":1024,"height":725,"caption":"Stoll Martin"},"logo":{"@id":"https:\/\/www.stollmartin.ch\/wp-content\/uploads\/2023\/02\/StollMartin-1024x725-1.png"},"description":"Fotograf und Videograf aus Busswil BE mit 2 Jahrzehnten Erfahrung.","sameAs":["https:\/\/www.stollmartin.ch"]}]}},"uagb_featured_image_src":{"full":false,"thumbnail":false,"medium":false,"medium_large":false,"large":false,"1536x1536":false,"2048x2048":false,"trp-custom-language-flag":false},"uagb_author_info":{"display_name":"Stoll Martin","author_link":"https:\/\/www.stollmartin.ch\/en\/author\/dinu82\/"},"uagb_comment_info":0,"uagb_excerpt":"Boudoir Fotografie &#8211; Sinnlichkeit in Bildern Boudoir-Fotografie ist eine Hommage an deine Weiblichkeit und Selbstliebe. In einer vertrauensvollen Atmosph\u00e4re entstehen \u00e4sthetische und stilvolle Aufnahmen, die deine Sch\u00f6nheit und Individualit\u00e4t zelebrieren. Ob als Geschenk f\u00fcr dich selbst oder einen besonderen Menschen \u2013 diese Bilder sind Ausdruck deiner Einzigartigkeit. Mein Angebot Das Shooting findet im Freien, am&hellip;","_links":{"self":[{"href":"https:\/\/www.stollmartin.ch\/en\/wp-json\/wp\/v2\/pages\/3338","targetHints":{"allow":["GET"]}}],"collection":[{"href":"https:\/\/www.stollmartin.ch\/en\/wp-json\/wp\/v2\/pages"}],"about":[{"href":"https:\/\/www.stollmartin.ch\/en\/wp-json\/wp\/v2\/types\/page"}],"author":[{"embeddable":true,"href":"https:\/\/www.stollmartin.ch\/en\/wp-json\/wp\/v2\/users\/1"}],"replies":[{"embeddable":true,"href":"https:\/\/www.stollmartin.ch\/en\/wp-json\/wp\/v2\/comments?post=3338"}],"version-history":[{"count":9,"href":"https:\/\/www.stollmartin.ch\/en\/wp-json\/wp\/v2\/pages\/3338\/revisions"}],"predecessor-version":[{"id":3382,"href":"https:\/\/www.stollmartin.ch\/en\/wp-json\/wp\/v2\/pages\/3338\/revisions\/3382"}],"wp:attachment":[{"href":"https:\/\/www.stollmartin.ch\/en\/wp-json\/wp\/v2\/media?parent=3338"}],"curies":[{"name":"wp","href":"https:\/\/api.w.org\/{rel}","templated":true}]}}