{"id":2965,"date":"2023-03-03T16:27:11","date_gmt":"2023-03-03T15:27:11","guid":{"rendered":"https:\/\/www.stollmartin.ch\/?page_id=2965"},"modified":"2026-01-13T20:41:48","modified_gmt":"2026-01-13T19:41:48","slug":"impressum-stoll-martin-fotografie","status":"publish","type":"page","link":"https:\/\/www.stollmartin.ch\/en\/impressum-stoll-martin-fotografie\/","title":{"rendered":"Impressum"},"content":{"rendered":"<div class=\"wp-block-uagb-container uagb-block-7189f420 alignfull uagb-is-root-container\"><div class=\"uagb-container-inner-blocks-wrap\">\n<div class=\"wp-block-uagb-advanced-heading uagb-block-28cc5afa\"><h2 class=\"uagb-heading-text\">Impressum<\/h2><\/div>\n<\/div><\/div>\n\n\n\n<div class=\"wp-block-uagb-container uagb-block-d09c6f26 alignfull uagb-is-root-container\"><div class=\"uagb-container-inner-blocks-wrap\">\n<div class=\"wp-block-uagb-advanced-heading uagb-block-ab144ca7\"><h4 class=\"uagb-heading-text\">Martin Stoll<\/h4><\/div>\n\n\n\n<div class=\"wp-block-uagb-advanced-heading uagb-block-123b221d\"><h4 class=\"uagb-heading-text\">2577 Finsterhennen<\/h4><\/div>\n\n\n\n<div class=\"wp-block-uagb-advanced-heading uagb-block-2a3184b2\"><h4 class=\"uagb-heading-text\">info(a)stollmartin.ch<\/h4><\/div>\n\n\n\n<div class=\"wp-block-uagb-advanced-heading uagb-block-31beb8f7\"><h4 class=\"uagb-heading-text\">+41 79 687 17 04<\/h4><\/div>\n<\/div><\/div>\n\n\n\n<div class=\"wp-block-uagb-container uagb-block-bcd2bf79 alignfull uagb-is-root-container\"><div class=\"uagb-container-inner-blocks-wrap\">\n<div class=\"wp-block-uagb-advanced-heading uagb-block-72e5e883\"><h2 class=\"uagb-heading-text\"><strong>Disclaimer<\/strong><\/h2><\/div>\n\n\n\n<div class=\"wp-block-uagb-advanced-heading uagb-block-e9a2d2a1\"><h3 class=\"uagb-heading-text\"><strong>Haftung f\u00fcr Inhalte und Links<\/strong><\/h3><\/div>\n\n\n\n<div class=\"wp-block-uagb-advanced-heading uagb-block-bb88e70a\"><h4 class=\"uagb-heading-text\">Die Inhalte auf dieser Website werden mit gr\u00f6sster Sorgfalt erstellt. F\u00fcr die Richtigkeit, Vollst\u00e4ndigkeit und Aktualit\u00e4t der Inhalte kann jedoch keine Gew\u00e4hr \u00fcbernommen werden.<\/h4><\/div>\n\n\n\n<div class=\"wp-block-uagb-advanced-heading uagb-block-6b8b9700\"><h4 class=\"uagb-heading-text\">Die Nutzung der Inhalte erfolgt auf eigene Verantwortung. Sch\u00e4den materieller oder immaterieller Art, die durch die Nutzung der Website entstehen, sind ausgeschlossen, soweit gesetzlich zul\u00e4ssig.<\/h4><\/div>\n\n\n\n<div class=\"wp-block-uagb-advanced-heading uagb-block-fd0a51ac\"><h4 class=\"uagb-heading-text\">F\u00fcr Inhalte externer Websites, auf die durch Links verwiesen wird, \u00fcbernimmt der Fotograf keine Haftung. Der Zugriff erfolgt auf eigene Gefahr.<\/h4><\/div>\n\n\n\n<div class=\"wp-block-uagb-advanced-heading uagb-block-d7eed1ee\"><h4 class=\"uagb-heading-text\">Die Inhalte der Website k\u00f6nnen jederzeit ohne Vorank\u00fcndigung ver\u00e4ndert, erg\u00e4nzt oder gel\u00f6scht werden.<\/h4><\/div>\n\n\n\n<div class=\"wp-block-uagb-advanced-heading uagb-block-e0634f76\"><h3 class=\"uagb-heading-text\"><strong>Copyrights<\/strong><\/h3><\/div>\n\n\n\n<div class=\"wp-block-uagb-advanced-heading uagb-block-b68ef844\"><h4 class=\"uagb-heading-text\">S\u00e4mtliche Inhalte, Bilder und Dateien auf dieser Website sind urheberrechtlich gesch\u00fctzt. Jede Vervielf\u00e4ltigung, Verwendung oder Weitergabe bedarf der schriftlichen Zustimmung von Martin Stoll.<\/h4><\/div>\n<\/div><\/div>","protected":false},"excerpt":{"rendered":"<p>Impressum Martin Stoll 2577 Finsterhennen info(a)stollmartin.ch +41 79 687 17 04 Haftungsausschluss Haftung f\u00fcr Inhalte und Links Die Inhalte auf dieser Website werden mit gr\u00f6sster Sorgfalt erstellt. F\u00fcr die Richtigkeit, Vollst\u00e4ndigkeit und Aktualit\u00e4t der Inhalte kann jedoch keine Gew\u00e4hr \u00fcbernommen werden. Die Nutzung der Inhalte erfolgt auf eigene Verantwortung. Sch\u00e4den materieller oder immaterieller Art, die [&hellip;]<\/p>\n","protected":false},"author":1,"featured_media":0,"parent":0,"menu_order":2,"comment_status":"closed","ping_status":"closed","template":"","meta":{"_uag_custom_page_level_css":"","site-sidebar-layout":"no-sidebar","site-content-layout":"narrow-container","ast-site-content-layout":"narrow-width-container","site-content-style":"unboxed","site-sidebar-style":"unboxed","ast-global-header-display":"","ast-banner-title-visibility":"","ast-main-header-display":"","ast-hfb-above-header-display":"","ast-hfb-below-header-display":"","ast-hfb-mobile-header-display":"","site-post-title":"disabled","ast-breadcrumbs-content":"","ast-featured-img":"disabled","footer-sml-layout":"","ast-disable-related-posts":"","theme-transparent-header-meta":"enabled","adv-header-id-meta":"","stick-header-meta":"","header-above-stick-meta":"","header-main-stick-meta":"","header-below-stick-meta":"","astra-migrate-meta-layouts":"set","ast-page-background-enabled":"default","ast-page-background-meta":{"desktop":{"background-color":"","background-image":"","background-repeat":"repeat","background-position":"center center","background-size":"auto","background-attachment":"scroll","background-type":"","background-media":"","overlay-type":"","overlay-color":"","overlay-opacity":"","overlay-gradient":""},"tablet":{"background-color":"","background-image":"","background-repeat":"repeat","background-position":"center center","background-size":"auto","background-attachment":"scroll","background-type":"","background-media":"","overlay-type":"","overlay-color":"","overlay-opacity":"","overlay-gradient":""},"mobile":{"background-color":"","background-image":"","background-repeat":"repeat","background-position":"center center","background-size":"auto","background-attachment":"scroll","background-type":"","background-media":"","overlay-type":"","overlay-color":"","overlay-opacity":"","overlay-gradient":""}},"ast-content-background-meta":{"desktop":{"background-color":"var(--ast-global-color-5)","background-image":"","background-repeat":"repeat","background-position":"center center","background-size":"auto","background-attachment":"scroll","background-type":"","background-media":"","overlay-type":"","overlay-color":"","overlay-opacity":"","overlay-gradient":""},"tablet":{"background-color":"var(--ast-global-color-5)","background-image":"","background-repeat":"repeat","background-position":"center center","background-size":"auto","background-attachment":"scroll","background-type":"","background-media":"","overlay-type":"","overlay-color":"","overlay-opacity":"","overlay-gradient":""},"mobile":{"background-color":"var(--ast-global-color-5)","background-image":"","background-repeat":"repeat","background-position":"center center","background-size":"auto","background-attachment":"scroll","background-type":"","background-media":"","overlay-type":"","overlay-color":"","overlay-opacity":"","overlay-gradient":""}},"footnotes":""},"class_list":["post-2965","page","type-page","status-publish","hentry"],"yoast_head":"<!-- This site is optimized with the Yoast SEO plugin v27.4 - https:\/\/yoast.com\/product\/yoast-seo-wordpress\/ -->\n<title>Impressum - stollmartin.ch<\/title>\n<meta name=\"description\" content=\"Stoll Martin Fotograf und Videograf aus Busswil Bern Schweiz f\u00fcr Portraits, Fashion, Tanz und Events mit zwei Jahrzenten Erfahrung\" \/>\n<meta name=\"robots\" content=\"index, follow, max-snippet:-1, max-image-preview:large, max-video-preview:-1\" \/>\n<link rel=\"canonical\" href=\"https:\/\/www.stollmartin.ch\/en\/impressum-stoll-martin-fotografie\/\" \/>\n<meta property=\"og:locale\" content=\"en_US\" \/>\n<meta property=\"og:type\" content=\"article\" \/>\n<meta property=\"og:title\" content=\"Impressum - stollmartin.ch\" \/>\n<meta property=\"og:description\" content=\"Stoll Martin Fotograf und Videograf aus Busswil Bern Schweiz f\u00fcr Portraits, Fashion, Tanz und Events mit zwei Jahrzenten Erfahrung\" \/>\n<meta property=\"og:url\" content=\"https:\/\/www.stollmartin.ch\/en\/impressum-stoll-martin-fotografie\/\" \/>\n<meta property=\"og:site_name\" content=\"stollmartin.ch\" \/>\n<meta property=\"article:modified_time\" content=\"2026-01-13T19:41:48+00:00\" \/>\n<meta name=\"twitter:card\" content=\"summary_large_image\" \/>\n<meta name=\"twitter:label1\" content=\"Est. reading time\" \/>\n\t<meta name=\"twitter:data1\" content=\"1 minute\" \/>\n<script type=\"application\/ld+json\" class=\"yoast-schema-graph\">{\"@context\":\"https:\\\/\\\/schema.org\",\"@graph\":[{\"@type\":\"WebPage\",\"@id\":\"https:\\\/\\\/www.stollmartin.ch\\\/impressum-stoll-martin-fotografie\\\/\",\"url\":\"https:\\\/\\\/www.stollmartin.ch\\\/impressum-stoll-martin-fotografie\\\/\",\"name\":\"Impressum - stollmartin.ch\",\"isPartOf\":{\"@id\":\"https:\\\/\\\/www.stollmartin.ch\\\/#website\"},\"datePublished\":\"2023-03-03T15:27:11+00:00\",\"dateModified\":\"2026-01-13T19:41:48+00:00\",\"description\":\"Stoll Martin Fotograf und Videograf aus Busswil Bern Schweiz f\u00fcr Portraits, Fashion, Tanz und Events mit zwei Jahrzenten Erfahrung\",\"breadcrumb\":{\"@id\":\"https:\\\/\\\/www.stollmartin.ch\\\/impressum-stoll-martin-fotografie\\\/#breadcrumb\"},\"inLanguage\":\"en-US\",\"potentialAction\":[{\"@type\":\"ReadAction\",\"target\":[\"https:\\\/\\\/www.stollmartin.ch\\\/impressum-stoll-martin-fotografie\\\/\"]}]},{\"@type\":\"BreadcrumbList\",\"@id\":\"https:\\\/\\\/www.stollmartin.ch\\\/impressum-stoll-martin-fotografie\\\/#breadcrumb\",\"itemListElement\":[{\"@type\":\"ListItem\",\"position\":1,\"name\":\"Startseite\",\"item\":\"https:\\\/\\\/www.stollmartin.ch\\\/\"},{\"@type\":\"ListItem\",\"position\":2,\"name\":\"Impressum\"}]},{\"@type\":\"WebSite\",\"@id\":\"https:\\\/\\\/www.stollmartin.ch\\\/#website\",\"url\":\"https:\\\/\\\/www.stollmartin.ch\\\/\",\"name\":\"stollmartin.ch Portrait, Fashion und Tanz Fotograf\",\"description\":\"Portrait, Fashion und Tanz Fotograf\",\"publisher\":{\"@id\":\"https:\\\/\\\/www.stollmartin.ch\\\/#\\\/schema\\\/person\\\/e0ad93a3b74063ec14c36b5cfc4b7c84\"},\"alternateName\":\"stollmartin.ch\",\"potentialAction\":[{\"@type\":\"SearchAction\",\"target\":{\"@type\":\"EntryPoint\",\"urlTemplate\":\"https:\\\/\\\/www.stollmartin.ch\\\/?s={search_term_string}\"},\"query-input\":{\"@type\":\"PropertyValueSpecification\",\"valueRequired\":true,\"valueName\":\"search_term_string\"}}],\"inLanguage\":\"en-US\"},{\"@type\":[\"Person\",\"Organization\"],\"@id\":\"https:\\\/\\\/www.stollmartin.ch\\\/#\\\/schema\\\/person\\\/e0ad93a3b74063ec14c36b5cfc4b7c84\",\"name\":\"Stoll Martin\",\"image\":{\"@type\":\"ImageObject\",\"inLanguage\":\"en-US\",\"@id\":\"https:\\\/\\\/www.stollmartin.ch\\\/wp-content\\\/uploads\\\/2023\\\/02\\\/StollMartin-1024x725-1.png\",\"url\":\"https:\\\/\\\/www.stollmartin.ch\\\/wp-content\\\/uploads\\\/2023\\\/02\\\/StollMartin-1024x725-1.png\",\"contentUrl\":\"https:\\\/\\\/www.stollmartin.ch\\\/wp-content\\\/uploads\\\/2023\\\/02\\\/StollMartin-1024x725-1.png\",\"width\":1024,\"height\":725,\"caption\":\"Stoll Martin\"},\"logo\":{\"@id\":\"https:\\\/\\\/www.stollmartin.ch\\\/wp-content\\\/uploads\\\/2023\\\/02\\\/StollMartin-1024x725-1.png\"},\"description\":\"Fotograf und Videograf aus Busswil BE mit 2 Jahrzehnten Erfahrung.\",\"sameAs\":[\"https:\\\/\\\/www.stollmartin.ch\"]}]}<\/script>\n<!-- \/ Yoast SEO plugin. -->","yoast_head_json":{"title":"Impressum - stollmartin.ch","description":"Stoll Martin Fotograf und Videograf aus Busswil Bern Schweiz f\u00fcr Portraits, Fashion, Tanz und Events mit zwei Jahrzenten Erfahrung","robots":{"index":"index","follow":"follow","max-snippet":"max-snippet:-1","max-image-preview":"max-image-preview:large","max-video-preview":"max-video-preview:-1"},"canonical":"https:\/\/www.stollmartin.ch\/en\/impressum-stoll-martin-fotografie\/","og_locale":"en_US","og_type":"article","og_title":"Impressum - stollmartin.ch","og_description":"Stoll Martin Fotograf und Videograf aus Busswil Bern Schweiz f\u00fcr Portraits, Fashion, Tanz und Events mit zwei Jahrzenten Erfahrung","og_url":"https:\/\/www.stollmartin.ch\/en\/impressum-stoll-martin-fotografie\/","og_site_name":"stollmartin.ch","article_modified_time":"2026-01-13T19:41:48+00:00","twitter_card":"summary_large_image","twitter_misc":{"Est. reading time":"1 minute"},"schema":{"@context":"https:\/\/schema.org","@graph":[{"@type":"WebPage","@id":"https:\/\/www.stollmartin.ch\/impressum-stoll-martin-fotografie\/","url":"https:\/\/www.stollmartin.ch\/impressum-stoll-martin-fotografie\/","name":"Impressum - stollmartin.ch","isPartOf":{"@id":"https:\/\/www.stollmartin.ch\/#website"},"datePublished":"2023-03-03T15:27:11+00:00","dateModified":"2026-01-13T19:41:48+00:00","description":"Stoll Martin Fotograf und Videograf aus Busswil Bern Schweiz f\u00fcr Portraits, Fashion, Tanz und Events mit zwei Jahrzenten Erfahrung","breadcrumb":{"@id":"https:\/\/www.stollmartin.ch\/impressum-stoll-martin-fotografie\/#breadcrumb"},"inLanguage":"en-US","potentialAction":[{"@type":"ReadAction","target":["https:\/\/www.stollmartin.ch\/impressum-stoll-martin-fotografie\/"]}]},{"@type":"BreadcrumbList","@id":"https:\/\/www.stollmartin.ch\/impressum-stoll-martin-fotografie\/#breadcrumb","itemListElement":[{"@type":"ListItem","position":1,"name":"Startseite","item":"https:\/\/www.stollmartin.ch\/"},{"@type":"ListItem","position":2,"name":"Impressum"}]},{"@type":"WebSite","@id":"https:\/\/www.stollmartin.ch\/#website","url":"https:\/\/www.stollmartin.ch\/","name":"stollmartin.ch Portrait, Fashion und Tanz Fotograf","description":"Portrait, Fashion und Tanz Fotograf","publisher":{"@id":"https:\/\/www.stollmartin.ch\/#\/schema\/person\/e0ad93a3b74063ec14c36b5cfc4b7c84"},"alternateName":"stollmartin.ch","potentialAction":[{"@type":"SearchAction","target":{"@type":"EntryPoint","urlTemplate":"https:\/\/www.stollmartin.ch\/?s={search_term_string}"},"query-input":{"@type":"PropertyValueSpecification","valueRequired":true,"valueName":"search_term_string"}}],"inLanguage":"en-US"},{"@type":["Person","Organization"],"@id":"https:\/\/www.stollmartin.ch\/#\/schema\/person\/e0ad93a3b74063ec14c36b5cfc4b7c84","name":"Stoll Martin","image":{"@type":"ImageObject","inLanguage":"en-US","@id":"https:\/\/www.stollmartin.ch\/wp-content\/uploads\/2023\/02\/StollMartin-1024x725-1.png","url":"https:\/\/www.stollmartin.ch\/wp-content\/uploads\/2023\/02\/StollMartin-1024x725-1.png","contentUrl":"https:\/\/www.stollmartin.ch\/wp-content\/uploads\/2023\/02\/StollMartin-1024x725-1.png","width":1024,"height":725,"caption":"Stoll Martin"},"logo":{"@id":"https:\/\/www.stollmartin.ch\/wp-content\/uploads\/2023\/02\/StollMartin-1024x725-1.png"},"description":"Fotograf und Videograf aus Busswil BE mit 2 Jahrzehnten Erfahrung.","sameAs":["https:\/\/www.stollmartin.ch"]}]}},"uagb_featured_image_src":{"full":false,"thumbnail":false,"medium":false,"medium_large":false,"large":false,"1536x1536":false,"2048x2048":false,"trp-custom-language-flag":false},"uagb_author_info":{"display_name":"Stoll Martin","author_link":"https:\/\/www.stollmartin.ch\/en\/author\/dinu82\/"},"uagb_comment_info":0,"uagb_excerpt":"Impressum Martin Stoll 2577 Finsterhennen info(a)stollmartin.ch +41 79 687 17 04 Haftungsausschluss Haftung f\u00fcr Inhalte und Links Die Inhalte auf dieser Website werden mit gr\u00f6sster Sorgfalt erstellt. F\u00fcr die Richtigkeit, Vollst\u00e4ndigkeit und Aktualit\u00e4t der Inhalte kann jedoch keine Gew\u00e4hr \u00fcbernommen werden. Die Nutzung der Inhalte erfolgt auf eigene Verantwortung. Sch\u00e4den materieller oder immaterieller Art, die&hellip;","_links":{"self":[{"href":"https:\/\/www.stollmartin.ch\/en\/wp-json\/wp\/v2\/pages\/2965","targetHints":{"allow":["GET"]}}],"collection":[{"href":"https:\/\/www.stollmartin.ch\/en\/wp-json\/wp\/v2\/pages"}],"about":[{"href":"https:\/\/www.stollmartin.ch\/en\/wp-json\/wp\/v2\/types\/page"}],"author":[{"embeddable":true,"href":"https:\/\/www.stollmartin.ch\/en\/wp-json\/wp\/v2\/users\/1"}],"replies":[{"embeddable":true,"href":"https:\/\/www.stollmartin.ch\/en\/wp-json\/wp\/v2\/comments?post=2965"}],"version-history":[{"count":9,"href":"https:\/\/www.stollmartin.ch\/en\/wp-json\/wp\/v2\/pages\/2965\/revisions"}],"predecessor-version":[{"id":3396,"href":"https:\/\/www.stollmartin.ch\/en\/wp-json\/wp\/v2\/pages\/2965\/revisions\/3396"}],"wp:attachment":[{"href":"https:\/\/www.stollmartin.ch\/en\/wp-json\/wp\/v2\/media?parent=2965"}],"curies":[{"name":"wp","href":"https:\/\/api.w.org\/{rel}","templated":true}]}}